{"id":7314,"date":"2021-03-29T02:13:52","date_gmt":"2021-03-29T00:13:52","guid":{"rendered":"http:\/\/apartments-harmony.it\/agricoltura\/"},"modified":"2022-11-26T07:42:18","modified_gmt":"2022-11-26T06:42:18","slug":"agricoltura","status":"publish","type":"page","link":"https:\/\/apartments-harmony.it\/it\/agricoltura\/","title":{"rendered":"Agricoltura"},"content":{"rendered":"\t\t<div data-elementor-type=\"wp-page\" data-elementor-id=\"7314\" class=\"elementor elementor-7314 elementor-647\">\n\t\t\t\t\t\t<section class=\"elementor-section elementor-top-section elementor-element elementor-element-7ffaeec8 elementor-section-stretched elementor-section-boxed elementor-section-gap-beside-yes elementor-section-height-default elementor-section-height-default elementor-section-column-vertical-align-stretch\" data-id=\"7ffaeec8\" data-element_type=\"section\" data-settings=\"{&quot;stretch_section&quot;:&quot;section-stretched&quot;,&quot;background_background&quot;:&quot;classic&quot;}\">\n\t\t\t\t\t\t<div class=\"elementor-container elementor-column-gap-extended\">\n\t\t\t\t\t<div class=\"elementor-column elementor-col-100 elementor-top-column elementor-element elementor-element-24b97e78\" data-id=\"24b97e78\" data-element_type=\"column\">\n\t\t\t<div class=\"elementor-widget-wrap elementor-element-populated\">\n\t\t\t\t\t\t<section class=\"elementor-section elementor-inner-section elementor-element elementor-element-39624f22 elementor-section-gap-beside-no elementor-section-content-middle elementor-section-boxed elementor-section-height-default elementor-section-height-default elementor-section-column-vertical-align-stretch\" data-id=\"39624f22\" data-element_type=\"section\">\n\t\t\t\t\t\t<div class=\"elementor-container elementor-column-gap-custom\">\n\t\t\t\t\t<div class=\"elementor-column elementor-col-50 elementor-inner-column elementor-element elementor-element-2e0314e7\" data-id=\"2e0314e7\" data-element_type=\"column\">\n\t\t\t<div class=\"elementor-widget-wrap elementor-element-populated\">\n\t\t\t\t\t\t<div class=\"elementor-element elementor-element-68f9cc1 elementor-invisible nuss-elementor-loading nuss-slide-in-right elementor-widget elementor-widget-image\" data-id=\"68f9cc1\" data-element_type=\"widget\" data-settings=\"{&quot;_animation&quot;:&quot;nussSlideInRight&quot;}\" data-widget_type=\"image.default\">\n\t\t\t\t<div class=\"elementor-widget-container\">\n\t\t\t<style>\/*! elementor - v3.23.0 - 05-08-2024 *\/\n.elementor-widget-image{text-align:center}.elementor-widget-image a{display:inline-block}.elementor-widget-image a img[src$=\".svg\"]{width:48px}.elementor-widget-image img{vertical-align:middle;display:inline-block}<\/style>\t\t\t\t\t\t\t\t\t\t<img fetchpriority=\"high\" decoding=\"async\" width=\"768\" height=\"1030\" src=\"https:\/\/apartments-harmony.it\/wp-content\/uploads\/2022\/10\/hof01-768x1030.jpg\" class=\"attachment-medium_large size-medium_large wp-image-6471\" alt=\"\" srcset=\"https:\/\/apartments-harmony.it\/wp-content\/uploads\/2022\/10\/hof01-768x1030.jpg 768w, https:\/\/apartments-harmony.it\/wp-content\/uploads\/2022\/10\/hof01-224x300.jpg 224w, https:\/\/apartments-harmony.it\/wp-content\/uploads\/2022\/10\/hof01-764x1024.jpg 764w, https:\/\/apartments-harmony.it\/wp-content\/uploads\/2022\/10\/hof01.jpg 895w\" sizes=\"(max-width: 768px) 100vw, 768px\" \/>\t\t\t\t\t\t\t\t\t\t\t\t\t<\/div>\n\t\t\t\t<\/div>\n\t\t\t\t\t<\/div>\n\t\t<\/div>\n\t\t\t\t<div class=\"elementor-column elementor-col-50 elementor-inner-column elementor-element elementor-element-7adb2510\" data-id=\"7adb2510\" data-element_type=\"column\">\n\t\t\t<div class=\"elementor-widget-wrap elementor-element-populated\">\n\t\t\t\t\t\t<div class=\"elementor-element elementor-element-4ae7b553 elementor-invisible elementor-widget elementor-widget-nuss-heading\" data-id=\"4ae7b553\" data-element_type=\"widget\" data-settings=\"{&quot;_animation&quot;:&quot;nussFadeInUp&quot;}\" data-widget_type=\"nuss-heading.default\">\n\t\t\t\t<div class=\"elementor-widget-container\">\n\t\t\t\t\t<div class=\"nuss-modern-heading\">\n\t\t\t\t\t<div class=\"heading-secondary-wrap\">\n\t\t\t<span class=\"heading-secondary elementor-heading-title\">Agriturismo in Alto Adige<\/span>\t\t<\/div>\n\t\t\n\t\t\t\t\t<div class=\"heading-primary-wrap\">\n\t\t\t<h3 class=\"heading-primary elementor-heading-title\">La nostra agricoltura<\/h3>\t\t<\/div>\n\t\t\n\t\t\t\n\t\t\t\t\t<div class=\"heading-description-wrap\">\n\t\t\t<div class=\"heading-description\">\n\t\t\t\t<p>Se vi interessano le nostre attivit\u00e0 agricole sarete i benvenuti con noi nei campi per la vendemmia o la raccolta delle mele. \u00c8 qui che produciamo il nostro eccellente vino.<\/p><p>Anche nel nostro orto, dove cresca la nostra verdura, c\u2019\u00e8 molto da vedere. E dopo potrete assaggiare i prodotti appena raccolti (frutti in base alla stagione). In seguito si pu\u00f2 gustare la frutta fresca della casa (frutta a seconda della stagione).<\/p>\t\t\t<\/div>\n\t\t<\/div>\n\t\t\t<\/div>\n\t\t\t\t<\/div>\n\t\t\t\t<\/div>\n\t\t\t\t\t<\/div>\n\t\t<\/div>\n\t\t\t\t\t<\/div>\n\t\t<\/section>\n\t\t\t\t<section class=\"elementor-section elementor-inner-section elementor-element elementor-element-413391b5 elementor-section-gap-beside-no elementor-section-content-middle elementor-hidden-tablet elementor-hidden-mobile elementor-section-boxed elementor-section-height-default elementor-section-height-default elementor-section-column-vertical-align-stretch\" data-id=\"413391b5\" data-element_type=\"section\">\n\t\t\t\t\t\t<div class=\"elementor-container elementor-column-gap-custom\">\n\t\t\t\t\t<div class=\"elementor-column elementor-col-50 elementor-inner-column elementor-element elementor-element-5240eda1\" data-id=\"5240eda1\" data-element_type=\"column\">\n\t\t\t<div class=\"elementor-widget-wrap elementor-element-populated\">\n\t\t\t\t\t\t<div class=\"elementor-element elementor-element-7e75d37 elementor-invisible elementor-widget elementor-widget-nuss-heading\" data-id=\"7e75d37\" data-element_type=\"widget\" data-settings=\"{&quot;_animation&quot;:&quot;nussFadeInUp&quot;}\" data-widget_type=\"nuss-heading.default\">\n\t\t\t\t<div class=\"elementor-widget-container\">\n\t\t\t\t\t<div class=\"nuss-modern-heading\">\n\t\t\t\t\t<div class=\"heading-secondary-wrap\">\n\t\t\t<span class=\"heading-secondary elementor-heading-title\">Sentire l'azienda agricola<\/span>\t\t<\/div>\n\t\t\n\t\t\t\t\t<div class=\"heading-primary-wrap\">\n\t\t\t<h3 class=\"heading-primary elementor-heading-title\">Gallo rosso<\/h3>\t\t<\/div>\n\t\t\n\t\t\t\n\t\t\t\t\t<div class=\"heading-description-wrap\">\n\t\t\t<div class=\"heading-description\">\n\t\t\t\t<p>Ritmi rilassati, alimentazione sana e tante attivit\u00e0 tutte da scoprire negli agriturismi dell\u2019Alto Adige. Vivere la montagna nella sua vera essenza, scoprendone ritmi e colori, sapori e bellezza. E\u2019 lo spirito di una vacanza in uno dei 1.600 agriturismo del Gallo Rosso, nella regione Trentino - Alto Adige in provincia di Bolzano, dove tutto parla di natura e semplicit\u00e0, in un ambiente sano ed emozionante.<\/p><p>L\u2019aria pura e frizzante regala energia, e ogni mattina ci si alza in forma e scattanti pronti ad affrontare un soggiorno ricca di avventure! Gli agriturismo in Alto Adige... un paradiso per tutti, dove ogni volta sar\u00e0 bello ritornare! Kleine Strukturen mit maximal f\u00fcnf Ferienwohnungen oder acht Doppelzimmern schaffen eine pers\u00f6nliche Atmosph\u00e4re, die Anzahl der Blumen von eins bis f\u00fcnf weisen auf Qualit\u00e4t und Erlebbarkeit hin.<\/p>\t\t\t<\/div>\n\t\t<\/div>\n\t\t\t<\/div>\n\t\t\t\t<\/div>\n\t\t\t\t<\/div>\n\t\t\t\t\t<\/div>\n\t\t<\/div>\n\t\t\t\t<div class=\"elementor-column elementor-col-50 elementor-inner-column elementor-element elementor-element-596ed3df\" data-id=\"596ed3df\" data-element_type=\"column\">\n\t\t\t<div class=\"elementor-widget-wrap elementor-element-populated\">\n\t\t\t\t\t\t<div class=\"elementor-element elementor-element-fa64c91 elementor-invisible nuss-elementor-loading nuss-slide-in-left elementor-widget elementor-widget-image\" data-id=\"fa64c91\" data-element_type=\"widget\" data-settings=\"{&quot;_animation&quot;:&quot;nussSlideInLeft&quot;}\" data-widget_type=\"image.default\">\n\t\t\t\t<div class=\"elementor-widget-container\">\n\t\t\t\t\t\t\t\t\t\t\t\t\t<img decoding=\"async\" width=\"768\" height=\"1030\" src=\"https:\/\/apartments-harmony.it\/wp-content\/uploads\/2022\/11\/apfelbaum-768x1030.jpg\" class=\"attachment-medium_large size-medium_large wp-image-6830\" alt=\"\" srcset=\"https:\/\/apartments-harmony.it\/wp-content\/uploads\/2022\/11\/apfelbaum-768x1030.jpg 768w, https:\/\/apartments-harmony.it\/wp-content\/uploads\/2022\/11\/apfelbaum-224x300.jpg 224w, https:\/\/apartments-harmony.it\/wp-content\/uploads\/2022\/11\/apfelbaum-764x1024.jpg 764w, https:\/\/apartments-harmony.it\/wp-content\/uploads\/2022\/11\/apfelbaum.jpg 895w\" sizes=\"(max-width: 768px) 100vw, 768px\" \/>\t\t\t\t\t\t\t\t\t\t\t\t\t<\/div>\n\t\t\t\t<\/div>\n\t\t\t\t\t<\/div>\n\t\t<\/div>\n\t\t\t\t\t<\/div>\n\t\t<\/section>\n\t\t\t\t<section class=\"elementor-section elementor-inner-section elementor-element elementor-element-e3dd6c4 elementor-section-gap-beside-no elementor-section-content-middle elementor-hidden-desktop elementor-section-boxed elementor-section-height-default elementor-section-height-default elementor-section-column-vertical-align-stretch\" data-id=\"e3dd6c4\" data-element_type=\"section\">\n\t\t\t\t\t\t<div class=\"elementor-container elementor-column-gap-custom\">\n\t\t\t\t\t<div class=\"elementor-column elementor-col-50 elementor-inner-column elementor-element elementor-element-67627db\" data-id=\"67627db\" data-element_type=\"column\">\n\t\t\t<div class=\"elementor-widget-wrap elementor-element-populated\">\n\t\t\t\t\t\t<div class=\"elementor-element elementor-element-ac0b866 elementor-invisible nuss-elementor-loading nuss-slide-in-left elementor-widget elementor-widget-image\" data-id=\"ac0b866\" data-element_type=\"widget\" data-settings=\"{&quot;_animation&quot;:&quot;nussSlideInLeft&quot;}\" data-widget_type=\"image.default\">\n\t\t\t\t<div class=\"elementor-widget-container\">\n\t\t\t\t\t\t\t\t\t\t\t\t\t<img decoding=\"async\" width=\"768\" height=\"1030\" src=\"https:\/\/apartments-harmony.it\/wp-content\/uploads\/2022\/11\/apfelbaum-768x1030.jpg\" class=\"attachment-medium_large size-medium_large wp-image-6830\" alt=\"\" srcset=\"https:\/\/apartments-harmony.it\/wp-content\/uploads\/2022\/11\/apfelbaum-768x1030.jpg 768w, https:\/\/apartments-harmony.it\/wp-content\/uploads\/2022\/11\/apfelbaum-224x300.jpg 224w, https:\/\/apartments-harmony.it\/wp-content\/uploads\/2022\/11\/apfelbaum-764x1024.jpg 764w, https:\/\/apartments-harmony.it\/wp-content\/uploads\/2022\/11\/apfelbaum.jpg 895w\" sizes=\"(max-width: 768px) 100vw, 768px\" \/>\t\t\t\t\t\t\t\t\t\t\t\t\t<\/div>\n\t\t\t\t<\/div>\n\t\t\t\t<div class=\"elementor-element elementor-element-4bc4799 elementor-invisible elementor-widget elementor-widget-nuss-heading\" data-id=\"4bc4799\" data-element_type=\"widget\" data-settings=\"{&quot;_animation&quot;:&quot;nussFadeInUp&quot;}\" data-widget_type=\"nuss-heading.default\">\n\t\t\t\t<div class=\"elementor-widget-container\">\n\t\t\t\t\t<div class=\"nuss-modern-heading\">\n\t\t\t\t\t<div class=\"heading-secondary-wrap\">\n\t\t\t<span class=\"heading-secondary elementor-heading-title\">Sentire l'azienda agricola<\/span>\t\t<\/div>\n\t\t\n\t\t\t\t\t<div class=\"heading-primary-wrap\">\n\t\t\t<h3 class=\"heading-primary elementor-heading-title\">Gallo rosso<\/h3>\t\t<\/div>\n\t\t\n\t\t\t\n\t\t\t\t\t<div class=\"heading-description-wrap\">\n\t\t\t<div class=\"heading-description\">\n\t\t\t\t<p>Ritmi rilassati, alimentazione sana e tante attivit\u00e0 tutte da scoprire negli agriturismi dell\u2019Alto Adige. Vivere la montagna nella sua vera essenza, scoprendone ritmi e colori, sapori e bellezza. E\u2019 lo spirito di una vacanza in uno dei 1.600 agriturismo del Gallo Rosso, nella regione Trentino - Alto Adige in provincia di Bolzano, dove tutto parla di natura e semplicit\u00e0, in un ambiente sano ed emozionante.<\/p><p>L\u2019aria pura e frizzante regala energia, e ogni mattina ci si alza in forma e scattanti pronti ad affrontare un soggiorno ricca di avventure! Gli agriturismo in Alto Adige... un paradiso per tutti, dove ogni volta sar\u00e0 bello ritornare! Kleine Strukturen mit maximal f\u00fcnf Ferienwohnungen oder acht Doppelzimmern schaffen eine pers\u00f6nliche Atmosph\u00e4re, die Anzahl der Blumen von eins bis f\u00fcnf weisen auf Qualit\u00e4t und Erlebbarkeit hin.<\/p>\t\t\t<\/div>\n\t\t<\/div>\n\t\t\t<\/div>\n\t\t\t\t<\/div>\n\t\t\t\t<\/div>\n\t\t\t\t\t<\/div>\n\t\t<\/div>\n\t\t\t\t<div class=\"elementor-column elementor-col-50 elementor-inner-column elementor-element elementor-element-d70033f\" data-id=\"d70033f\" data-element_type=\"column\">\n\t\t\t<div class=\"elementor-widget-wrap\">\n\t\t\t\t\t\t\t<\/div>\n\t\t<\/div>\n\t\t\t\t\t<\/div>\n\t\t<\/section>\n\t\t\t\t\t<\/div>\n\t\t<\/div>\n\t\t\t\t\t<\/div>\n\t\t<\/section>\n\t\t\t\t<\/div>\n\t\t","protected":false},"excerpt":{"rendered":"<p>Agriturismo in Alto Adige La nostra agricoltura Se vi interessano le nostre attivit\u00e0 agricole sarete i benvenuti con noi nei campi per la vendemmia o la raccolta delle mele. \u00c8 qui che produciamo il nostro eccellente vino. Anche nel nostro orto, dove cresca la nostra verdura, c\u2019\u00e8 molto da vedere. E dopo potrete assaggiare i [&hellip;]<\/p>\n","protected":false},"author":5,"featured_media":0,"parent":0,"menu_order":0,"comment_status":"closed","ping_status":"closed","template":"","meta":{"footnotes":""},"class_list":["post-7314","page","type-page","status-publish","hentry","post-no-thumbnail"],"yoast_head":"<!-- This site is optimized with the Yoast SEO plugin v27.3 - https:\/\/yoast.com\/product\/yoast-seo-wordpress\/ -->\n<title>Agricoltura - Residence Harmony ad Appiano sulla strada del vino<\/title>\n<meta name=\"description\" content=\"La nostra agricoltura Se vi interessano le nostre attivit\u00e0 agricole sarete i benvenuti con noi nei campi per la vendemmia o la raccolta delle mele. \u00c8 qui che produciamo il nostro eccellente vino.\" \/>\n<meta name=\"robots\" content=\"index, follow, max-snippet:-1, max-image-preview:large, max-video-preview:-1\" \/>\n<link rel=\"canonical\" href=\"https:\/\/apartments-harmony.it\/it\/agricoltura\/\" \/>\n<meta property=\"og:locale\" content=\"it_IT\" \/>\n<meta property=\"og:type\" content=\"article\" \/>\n<meta property=\"og:title\" content=\"Agricoltura - Residence Harmony ad Appiano sulla strada del vino\" \/>\n<meta property=\"og:description\" content=\"La nostra agricoltura Se vi interessano le nostre attivit\u00e0 agricole sarete i benvenuti con noi nei campi per la vendemmia o la raccolta delle mele. \u00c8 qui che produciamo il nostro eccellente vino.\" \/>\n<meta property=\"og:url\" content=\"https:\/\/apartments-harmony.it\/it\/agricoltura\/\" \/>\n<meta property=\"og:site_name\" content=\"Apartments Harmony in Eppan S\u00fcdtirol\" \/>\n<meta property=\"article:modified_time\" content=\"2022-11-26T06:42:18+00:00\" \/>\n<meta property=\"og:image\" content=\"https:\/\/apartments-harmony.it\/wp-content\/uploads\/2022\/10\/hof01-768x1030.jpg\" \/>\n<meta name=\"twitter:card\" content=\"summary_large_image\" \/>\n<meta name=\"twitter:label1\" content=\"Tempo di lettura stimato\" \/>\n\t<meta name=\"twitter:data1\" content=\"3 minuti\" \/>\n<script type=\"application\/ld+json\" class=\"yoast-schema-graph\">{\"@context\":\"https:\\\/\\\/schema.org\",\"@graph\":[{\"@type\":\"WebPage\",\"@id\":\"https:\\\/\\\/apartments-harmony.it\\\/it\\\/agricoltura\\\/\",\"url\":\"https:\\\/\\\/apartments-harmony.it\\\/it\\\/agricoltura\\\/\",\"name\":\"Agricoltura - Residence Harmony ad Appiano sulla strada del vino\",\"isPartOf\":{\"@id\":\"https:\\\/\\\/apartments-harmony.it\\\/it\\\/#website\"},\"primaryImageOfPage\":{\"@id\":\"https:\\\/\\\/apartments-harmony.it\\\/it\\\/agricoltura\\\/#primaryimage\"},\"image\":{\"@id\":\"https:\\\/\\\/apartments-harmony.it\\\/it\\\/agricoltura\\\/#primaryimage\"},\"thumbnailUrl\":\"https:\\\/\\\/apartments-harmony.it\\\/wp-content\\\/uploads\\\/2022\\\/10\\\/hof01-768x1030.jpg\",\"datePublished\":\"2021-03-29T00:13:52+00:00\",\"dateModified\":\"2022-11-26T06:42:18+00:00\",\"description\":\"La nostra agricoltura Se vi interessano le nostre attivit\u00e0 agricole sarete i benvenuti con noi nei campi per la vendemmia o la raccolta delle mele. \u00c8 qui che produciamo il nostro eccellente vino.\",\"breadcrumb\":{\"@id\":\"https:\\\/\\\/apartments-harmony.it\\\/it\\\/agricoltura\\\/#breadcrumb\"},\"inLanguage\":\"it-IT\",\"potentialAction\":[{\"@type\":\"ReadAction\",\"target\":[\"https:\\\/\\\/apartments-harmony.it\\\/it\\\/agricoltura\\\/\"]}]},{\"@type\":\"ImageObject\",\"inLanguage\":\"it-IT\",\"@id\":\"https:\\\/\\\/apartments-harmony.it\\\/it\\\/agricoltura\\\/#primaryimage\",\"url\":\"https:\\\/\\\/apartments-harmony.it\\\/wp-content\\\/uploads\\\/2022\\\/10\\\/hof01-768x1030.jpg\",\"contentUrl\":\"https:\\\/\\\/apartments-harmony.it\\\/wp-content\\\/uploads\\\/2022\\\/10\\\/hof01-768x1030.jpg\"},{\"@type\":\"BreadcrumbList\",\"@id\":\"https:\\\/\\\/apartments-harmony.it\\\/it\\\/agricoltura\\\/#breadcrumb\",\"itemListElement\":[{\"@type\":\"ListItem\",\"position\":1,\"name\":\"Startseite\",\"item\":\"https:\\\/\\\/apartments-harmony.it\\\/it\\\/benvenuti\\\/\"},{\"@type\":\"ListItem\",\"position\":2,\"name\":\"Agricoltura\"}]},{\"@type\":\"WebSite\",\"@id\":\"https:\\\/\\\/apartments-harmony.it\\\/it\\\/#website\",\"url\":\"https:\\\/\\\/apartments-harmony.it\\\/it\\\/\",\"name\":\"Apartments Harmony in Eppan S\u00fcdtirol\",\"description\":\"Ruhige Ferienwohnungen in Eppan an der Weinstrasse\",\"publisher\":{\"@id\":\"https:\\\/\\\/apartments-harmony.it\\\/it\\\/#\\\/schema\\\/person\\\/99be630199fe5a07dedfc15aea9fe896\"},\"potentialAction\":[{\"@type\":\"SearchAction\",\"target\":{\"@type\":\"EntryPoint\",\"urlTemplate\":\"https:\\\/\\\/apartments-harmony.it\\\/it\\\/?s={search_term_string}\"},\"query-input\":{\"@type\":\"PropertyValueSpecification\",\"valueRequired\":true,\"valueName\":\"search_term_string\"}}],\"inLanguage\":\"it-IT\"},{\"@type\":[\"Person\",\"Organization\"],\"@id\":\"https:\\\/\\\/apartments-harmony.it\\\/it\\\/#\\\/schema\\\/person\\\/99be630199fe5a07dedfc15aea9fe896\",\"name\":\"marion\",\"image\":{\"@type\":\"ImageObject\",\"inLanguage\":\"it-IT\",\"@id\":\"https:\\\/\\\/apartments-harmony.it\\\/wp-content\\\/uploads\\\/2022\\\/11\\\/favicon.png\",\"url\":\"https:\\\/\\\/apartments-harmony.it\\\/wp-content\\\/uploads\\\/2022\\\/11\\\/favicon.png\",\"contentUrl\":\"https:\\\/\\\/apartments-harmony.it\\\/wp-content\\\/uploads\\\/2022\\\/11\\\/favicon.png\",\"width\":512,\"height\":480,\"caption\":\"marion\"},\"logo\":{\"@id\":\"https:\\\/\\\/apartments-harmony.it\\\/wp-content\\\/uploads\\\/2022\\\/11\\\/favicon.png\"}}]}<\/script>\n<!-- \/ Yoast SEO plugin. -->","yoast_head_json":{"title":"Agricoltura - Residence Harmony ad Appiano sulla strada del vino","description":"La nostra agricoltura Se vi interessano le nostre attivit\u00e0 agricole sarete i benvenuti con noi nei campi per la vendemmia o la raccolta delle mele. \u00c8 qui che produciamo il nostro eccellente vino.","robots":{"index":"index","follow":"follow","max-snippet":"max-snippet:-1","max-image-preview":"max-image-preview:large","max-video-preview":"max-video-preview:-1"},"canonical":"https:\/\/apartments-harmony.it\/it\/agricoltura\/","og_locale":"it_IT","og_type":"article","og_title":"Agricoltura - Residence Harmony ad Appiano sulla strada del vino","og_description":"La nostra agricoltura Se vi interessano le nostre attivit\u00e0 agricole sarete i benvenuti con noi nei campi per la vendemmia o la raccolta delle mele. \u00c8 qui che produciamo il nostro eccellente vino.","og_url":"https:\/\/apartments-harmony.it\/it\/agricoltura\/","og_site_name":"Apartments Harmony in Eppan S\u00fcdtirol","article_modified_time":"2022-11-26T06:42:18+00:00","og_image":[{"url":"https:\/\/apartments-harmony.it\/wp-content\/uploads\/2022\/10\/hof01-768x1030.jpg","type":"","width":"","height":""}],"twitter_card":"summary_large_image","twitter_misc":{"Tempo di lettura stimato":"3 minuti"},"schema":{"@context":"https:\/\/schema.org","@graph":[{"@type":"WebPage","@id":"https:\/\/apartments-harmony.it\/it\/agricoltura\/","url":"https:\/\/apartments-harmony.it\/it\/agricoltura\/","name":"Agricoltura - Residence Harmony ad Appiano sulla strada del vino","isPartOf":{"@id":"https:\/\/apartments-harmony.it\/it\/#website"},"primaryImageOfPage":{"@id":"https:\/\/apartments-harmony.it\/it\/agricoltura\/#primaryimage"},"image":{"@id":"https:\/\/apartments-harmony.it\/it\/agricoltura\/#primaryimage"},"thumbnailUrl":"https:\/\/apartments-harmony.it\/wp-content\/uploads\/2022\/10\/hof01-768x1030.jpg","datePublished":"2021-03-29T00:13:52+00:00","dateModified":"2022-11-26T06:42:18+00:00","description":"La nostra agricoltura Se vi interessano le nostre attivit\u00e0 agricole sarete i benvenuti con noi nei campi per la vendemmia o la raccolta delle mele. \u00c8 qui che produciamo il nostro eccellente vino.","breadcrumb":{"@id":"https:\/\/apartments-harmony.it\/it\/agricoltura\/#breadcrumb"},"inLanguage":"it-IT","potentialAction":[{"@type":"ReadAction","target":["https:\/\/apartments-harmony.it\/it\/agricoltura\/"]}]},{"@type":"ImageObject","inLanguage":"it-IT","@id":"https:\/\/apartments-harmony.it\/it\/agricoltura\/#primaryimage","url":"https:\/\/apartments-harmony.it\/wp-content\/uploads\/2022\/10\/hof01-768x1030.jpg","contentUrl":"https:\/\/apartments-harmony.it\/wp-content\/uploads\/2022\/10\/hof01-768x1030.jpg"},{"@type":"BreadcrumbList","@id":"https:\/\/apartments-harmony.it\/it\/agricoltura\/#breadcrumb","itemListElement":[{"@type":"ListItem","position":1,"name":"Startseite","item":"https:\/\/apartments-harmony.it\/it\/benvenuti\/"},{"@type":"ListItem","position":2,"name":"Agricoltura"}]},{"@type":"WebSite","@id":"https:\/\/apartments-harmony.it\/it\/#website","url":"https:\/\/apartments-harmony.it\/it\/","name":"Apartments Harmony in Eppan S\u00fcdtirol","description":"Ruhige Ferienwohnungen in Eppan an der Weinstrasse","publisher":{"@id":"https:\/\/apartments-harmony.it\/it\/#\/schema\/person\/99be630199fe5a07dedfc15aea9fe896"},"potentialAction":[{"@type":"SearchAction","target":{"@type":"EntryPoint","urlTemplate":"https:\/\/apartments-harmony.it\/it\/?s={search_term_string}"},"query-input":{"@type":"PropertyValueSpecification","valueRequired":true,"valueName":"search_term_string"}}],"inLanguage":"it-IT"},{"@type":["Person","Organization"],"@id":"https:\/\/apartments-harmony.it\/it\/#\/schema\/person\/99be630199fe5a07dedfc15aea9fe896","name":"marion","image":{"@type":"ImageObject","inLanguage":"it-IT","@id":"https:\/\/apartments-harmony.it\/wp-content\/uploads\/2022\/11\/favicon.png","url":"https:\/\/apartments-harmony.it\/wp-content\/uploads\/2022\/11\/favicon.png","contentUrl":"https:\/\/apartments-harmony.it\/wp-content\/uploads\/2022\/11\/favicon.png","width":512,"height":480,"caption":"marion"},"logo":{"@id":"https:\/\/apartments-harmony.it\/wp-content\/uploads\/2022\/11\/favicon.png"}}]}},"_links":{"self":[{"href":"https:\/\/apartments-harmony.it\/it\/wp-json\/wp\/v2\/pages\/7314","targetHints":{"allow":["GET"]}}],"collection":[{"href":"https:\/\/apartments-harmony.it\/it\/wp-json\/wp\/v2\/pages"}],"about":[{"href":"https:\/\/apartments-harmony.it\/it\/wp-json\/wp\/v2\/types\/page"}],"author":[{"embeddable":true,"href":"https:\/\/apartments-harmony.it\/it\/wp-json\/wp\/v2\/users\/5"}],"replies":[{"embeddable":true,"href":"https:\/\/apartments-harmony.it\/it\/wp-json\/wp\/v2\/comments?post=7314"}],"version-history":[{"count":3,"href":"https:\/\/apartments-harmony.it\/it\/wp-json\/wp\/v2\/pages\/7314\/revisions"}],"predecessor-version":[{"id":7317,"href":"https:\/\/apartments-harmony.it\/it\/wp-json\/wp\/v2\/pages\/7314\/revisions\/7317"}],"wp:attachment":[{"href":"https:\/\/apartments-harmony.it\/it\/wp-json\/wp\/v2\/media?parent=7314"}],"curies":[{"name":"wp","href":"https:\/\/api.w.org\/{rel}","templated":true}]}}